{"id":1625,"date":"2022-02-10T13:02:50","date_gmt":"2022-02-10T12:02:50","guid":{"rendered":"https:\/\/milagrosj.es\/wp\/?page_id=1625"},"modified":"2022-02-15T12:05:33","modified_gmt":"2022-02-15T11:05:33","slug":"historia","status":"publish","type":"page","link":"https:\/\/milagrosj.es\/wp\/historia\/","title":{"rendered":"Historia"},"content":{"rendered":"<div data-colibri-id=\"1625-c1\" class=\"style-969 style-local-1625-c1 position-relative\">\n  <!---->\n  <div data-colibri-component=\"section\" data-colibri-id=\"1625-c2\" id=\"custom\" class=\"h-section h-section-global-spacing d-flex align-items-lg-center align-items-md-center align-items-center style-970 style-local-1625-c2 position-relative\">\n    <!---->\n    <!---->\n    <div class=\"h-section-grid-container h-section-boxed-container\">\n      <!---->\n      <div data-colibri-id=\"1625-c3\" class=\"h-row-container gutters-row-lg-2 gutters-row-md-2 gutters-row-0 gutters-row-v-lg-2 gutters-row-v-md-2 gutters-row-v-2 style-971 style-local-1625-c3 position-relative\">\n        <!---->\n        <div class=\"h-row justify-content-lg-center justify-content-md-center justify-content-center align-items-lg-stretch align-items-md-stretch align-items-stretch gutters-col-lg-2 gutters-col-md-2 gutters-col-0 gutters-col-v-lg-2 gutters-col-v-md-2 gutters-col-v-2\">\n          <!---->\n          <div class=\"h-column h-column-container d-flex h-col-lg-auto h-col-md-auto h-col-auto style-972-outer style-local-1625-c4-outer\">\n            <div data-colibri-id=\"1625-c4\" class=\"d-flex h-flex-basis h-column__inner h-ui-empty-state-container h-px-lg-3 h-px-md-3 h-px-3 v-inner-lg-3 v-inner-md-3 v-inner-3 style-972 style-local-1625-c4 position-relative\">\n              <!---->\n              <!---->\n              <div class=\"w-100 h-y-container h-column__content h-column__v-align flex-basis-100\">\n                <!---->\n              <\/div>\n            <\/div>\n          <\/div>\n        <\/div>\n      <\/div>\n      <div data-colibri-id=\"1625-c15\" class=\"h-row-container gutters-row-lg-1 gutters-row-md-1 gutters-row-0 gutters-row-v-lg-1 gutters-row-v-md-1 gutters-row-v-1 style-1239 style-local-1625-c15 position-relative\">\n        <!---->\n        <div class=\"h-row justify-content-lg-center justify-content-md-center justify-content-center align-items-lg-stretch align-items-md-stretch align-items-stretch gutters-col-lg-1 gutters-col-md-1 gutters-col-0 gutters-col-v-lg-1 gutters-col-v-md-1 gutters-col-v-1\">\n          <!---->\n          <div class=\"h-column h-column-container d-flex h-col-lg-auto h-col-md-auto h-col-auto style-1240-outer style-local-1625-c16-outer\">\n            <div data-colibri-id=\"1625-c16\" class=\"d-flex h-flex-basis h-column__inner h-px-lg-3 h-px-md-3 h-px-3 v-inner-lg-3 v-inner-md-3 v-inner-3 style-1240 style-local-1625-c16 position-relative\">\n              <!---->\n              <!---->\n              <div class=\"w-100 h-y-container h-column__content h-column__v-align flex-basis-100 align-self-lg-start align-self-md-start align-self-start\">\n                <!---->\n                <div data-colibri-id=\"1625-c17\" class=\"h-global-transition-all h-heading style-1241 style-local-1625-c17 position-relative h-element\">\n                  <!---->\n                  <div class=\"h-heading__outer style-1241 style-local-1625-c17\">\n                    <!---->\n                    <!---->\n                    <h1 class=\"\">Un poco de historia<\/h1>\n                  <\/div>\n                <\/div>\n              <\/div>\n            <\/div>\n          <\/div>\n        <\/div>\n      <\/div>\n    <\/div>\n  <\/div>\n  <div data-colibri-component=\"section\" data-colibri-id=\"1625-c9\" id=\"about\" class=\"h-section h-section-global-spacing d-flex align-items-lg-center align-items-md-center align-items-center style-1227 style-local-1625-c9 position-relative\">\n    <!---->\n    <!---->\n    <div class=\"h-section-grid-container h-section-fluid-container\">\n      <!---->\n      <div data-colibri-id=\"1625-c10\" class=\"h-row-container gutters-row-lg-0 gutters-row-md-0 gutters-row-0 gutters-row-v-lg-0 gutters-row-v-md-0 gutters-row-v-0 style-1228 style-local-1625-c10 position-relative\">\n        <!---->\n        <div class=\"h-row justify-content-lg-center justify-content-md-center justify-content-center align-items-lg-stretch align-items-md-stretch align-items-stretch gutters-col-lg-0 gutters-col-md-0 gutters-col-0 gutters-col-v-lg-0 gutters-col-v-md-0 gutters-col-v-0\">\n          <!---->\n          <div class=\"h-column h-column-container d-flex h-col-lg-auto h-col-md-auto h-col-auto style-1229-outer style-local-1625-c11-outer\">\n            <div data-colibri-id=\"1625-c11\" class=\"d-flex h-flex-basis h-column__inner h-px-lg-0 h-px-md-0 h-px-0 v-inner-lg-0 v-inner-md-0 v-inner-0 style-1229 style-local-1625-c11 position-relative\">\n              <!---->\n              <!---->\n              <div class=\"w-100 h-y-container h-column__content h-column__v-align flex-basis-100 align-self-lg-start align-self-md-start align-self-start\">\n                <!---->\n                <div data-colibri-id=\"1625-c12\" class=\"h-global-transition-all h-heading style-1231 style-local-1625-c12 position-relative h-element\">\n                  <!---->\n                  <div class=\"h-heading__outer style-1231 style-local-1625-c12\">\n                    <!---->\n                    <!---->\n                    <h2 class=\"\">El&nbsp;<em style=\"font-family: &quot;Playfair Display&quot;;\">Milagro<\/em>&nbsp;que naci\u00f3 <em style=\"font-family: &quot;Playfair Display&quot;;\">\u00abladrillo a ladrillo\u00bb<\/em> <\/h2>\n                  <\/div>\n                <\/div>\n                <div data-colibri-id=\"1625-c13\" class=\"h-text h-text-component style-1232 style-local-1625-c13 position-relative h-element\">\n                  <!---->\n                  <!---->\n                  <div class=\"\">\n                    <p>Corre el a\u00f1o 1952 cuando el 19 de marzo el&nbsp;P. Basabe&nbsp;anunciaba a trav\u00e9s de la radio la intenci\u00f3n de levantar un nuevo edificio en el Paseo de San Antonio para el que solicitaba la colaboraci\u00f3n de todos sus vecinos: \u201cSe est\u00e1\n                      empezando un edificio bajo la protecci\u00f3n de San Jos\u00e9, sin recursos econ\u00f3micos. Su presupuesto ser\u00e1 de seis millones. Ahora es Dios el que tiene que hacer este milagro y vosotros con Dios. Con vuestros ladrillos\u201d. Ese ser\u00eda el germen\n                      de lo que hoy es el Milagro de San Jos\u00e9 \u201cLadrillo a Ladrillo\u201d.<\/p>\n                  <\/div>\n                <\/div>\n              <\/div>\n            <\/div>\n          <\/div>\n          <div class=\"h-column h-column-container d-flex h-col-lg-auto h-col-md-auto h-col-auto style-1233-outer style-local-1625-c14-outer\">\n            <div data-colibri-id=\"1625-c14\" class=\"d-flex h-flex-basis h-column__inner h-ui-empty-state-container h-px-lg-2 h-px-md-2 h-px-2 v-inner-lg-2 v-inner-md-2 v-inner-2 style-1233 style-local-1625-c14 position-relative\">\n              <!---->\n              <!---->\n              <div class=\"w-100 h-y-container h-column__content h-column__v-align flex-basis-100\">\n                <!---->\n              <\/div>\n            <\/div>\n          <\/div>\n        <\/div>\n      <\/div>\n    <\/div>\n  <\/div>\n<\/div>","protected":false},"excerpt":{"rendered":"<p>Un poco de historia El&nbsp;Milagro&nbsp;que naci\u00f3 \u00abladrillo a ladrillo\u00bb Corre el a\u00f1o 1952 cuando el 19 de marzo el&nbsp;P. Basabe&nbsp;anunciaba a trav\u00e9s de la radio la intenci\u00f3n de levantar un nuevo edificio en el Paseo de San Antonio para el que solicitaba la colaboraci\u00f3n de todos sus vecinos: \u201cSe est\u00e1 empezando un edificio bajo la [&hellip;]<\/p>\n","protected":false},"author":1,"featured_media":0,"parent":0,"menu_order":0,"comment_status":"closed","ping_status":"closed","template":"page-templates\/full-width-page.php","meta":{"_monsterinsights_skip_tracking":false,"_monsterinsights_sitenote_active":false,"_monsterinsights_sitenote_note":"","_monsterinsights_sitenote_category":0,"footnotes":""},"class_list":["post-1625","page","type-page","status-publish","hentry"],"yoast_head":"<!-- This site is optimized with the Yoast SEO plugin v27.3 - https:\/\/yoast.com\/product\/yoast-seo-wordpress\/ -->\n<title>Historia &#8226; Parroquia El Milagro de San Jos\u00e9<\/title>\n<meta name=\"robots\" content=\"index, follow, max-snippet:-1, max-image-preview:large, max-video-preview:-1\" \/>\n<link rel=\"canonical\" href=\"https:\/\/milagrosj.es\/wp\/historia\/\" \/>\n<meta property=\"og:locale\" content=\"es_ES\" \/>\n<meta property=\"og:type\" content=\"article\" \/>\n<meta property=\"og:title\" content=\"Historia &#8226; Parroquia El Milagro de San Jos\u00e9\" \/>\n<meta property=\"og:description\" content=\"Un poco de historia El&nbsp;Milagro&nbsp;que naci\u00f3 \u00abladrillo a ladrillo\u00bb Corre el a\u00f1o 1952 cuando el 19 de marzo el&nbsp;P. Basabe&nbsp;anunciaba a trav\u00e9s de la radio la intenci\u00f3n de levantar un nuevo edificio en el Paseo de San Antonio para el que solicitaba la colaboraci\u00f3n de todos sus vecinos: \u201cSe est\u00e1 empezando un edificio bajo la [&hellip;]\" \/>\n<meta property=\"og:url\" content=\"https:\/\/milagrosj.es\/wp\/historia\/\" \/>\n<meta property=\"og:site_name\" content=\"Parroquia El Milagro de San Jos\u00e9\" \/>\n<meta property=\"article:publisher\" content=\"https:\/\/www.facebook.com\/parroquiamilagrosj\" \/>\n<meta property=\"article:modified_time\" content=\"2022-02-15T11:05:33+00:00\" \/>\n<meta name=\"twitter:card\" content=\"summary_large_image\" \/>\n<meta name=\"twitter:site\" content=\"@elmilagrosj\" \/>\n<meta name=\"twitter:label1\" content=\"Tiempo de lectura\" \/>\n\t<meta name=\"twitter:data1\" content=\"1 minuto\" \/>\n<script type=\"application\/ld+json\" class=\"yoast-schema-graph\">{\"@context\":\"https:\\\/\\\/schema.org\",\"@graph\":[{\"@type\":\"WebPage\",\"@id\":\"https:\\\/\\\/milagrosj.es\\\/wp\\\/historia\\\/\",\"url\":\"https:\\\/\\\/milagrosj.es\\\/wp\\\/historia\\\/\",\"name\":\"Historia &#8226; Parroquia El Milagro de San Jos\u00e9\",\"isPartOf\":{\"@id\":\"https:\\\/\\\/milagrosj.es\\\/wp\\\/#website\"},\"datePublished\":\"2022-02-10T12:02:50+00:00\",\"dateModified\":\"2022-02-15T11:05:33+00:00\",\"breadcrumb\":{\"@id\":\"https:\\\/\\\/milagrosj.es\\\/wp\\\/historia\\\/#breadcrumb\"},\"inLanguage\":\"es\",\"potentialAction\":[{\"@type\":\"ReadAction\",\"target\":[\"https:\\\/\\\/milagrosj.es\\\/wp\\\/historia\\\/\"]}]},{\"@type\":\"BreadcrumbList\",\"@id\":\"https:\\\/\\\/milagrosj.es\\\/wp\\\/historia\\\/#breadcrumb\",\"itemListElement\":[{\"@type\":\"ListItem\",\"position\":1,\"name\":\"Portada\",\"item\":\"https:\\\/\\\/milagrosj.es\\\/wp\\\/\"},{\"@type\":\"ListItem\",\"position\":2,\"name\":\"Historia\"}]},{\"@type\":\"WebSite\",\"@id\":\"https:\\\/\\\/milagrosj.es\\\/wp\\\/#website\",\"url\":\"https:\\\/\\\/milagrosj.es\\\/wp\\\/\",\"name\":\"Parroquia El Milagro de San Jos\u00e9\",\"description\":\"Sitio de la p\u00e1gina web de la Parroquia El Milagro de San Jos\u00e9\",\"publisher\":{\"@id\":\"https:\\\/\\\/milagrosj.es\\\/wp\\\/#organization\"},\"potentialAction\":[{\"@type\":\"SearchAction\",\"target\":{\"@type\":\"EntryPoint\",\"urlTemplate\":\"https:\\\/\\\/milagrosj.es\\\/wp\\\/?s={search_term_string}\"},\"query-input\":{\"@type\":\"PropertyValueSpecification\",\"valueRequired\":true,\"valueName\":\"search_term_string\"}}],\"inLanguage\":\"es\"},{\"@type\":\"Organization\",\"@id\":\"https:\\\/\\\/milagrosj.es\\\/wp\\\/#organization\",\"name\":\"Parroquia El Milagro de San Jos\u00e9\",\"url\":\"https:\\\/\\\/milagrosj.es\\\/wp\\\/\",\"logo\":{\"@type\":\"ImageObject\",\"inLanguage\":\"es\",\"@id\":\"https:\\\/\\\/milagrosj.es\\\/wp\\\/#\\\/schema\\\/logo\\\/image\\\/\",\"url\":\"https:\\\/\\\/milagrosj.es\\\/wp\\\/wp-content\\\/uploads\\\/2022\\\/02\\\/logo_milagro_1.png\",\"contentUrl\":\"https:\\\/\\\/milagrosj.es\\\/wp\\\/wp-content\\\/uploads\\\/2022\\\/02\\\/logo_milagro_1.png\",\"width\":426,\"height\":426,\"caption\":\"Parroquia El Milagro de San Jos\u00e9\"},\"image\":{\"@id\":\"https:\\\/\\\/milagrosj.es\\\/wp\\\/#\\\/schema\\\/logo\\\/image\\\/\"},\"sameAs\":[\"https:\\\/\\\/www.facebook.com\\\/parroquiamilagrosj\",\"https:\\\/\\\/x.com\\\/elmilagrosj\",\"https:\\\/\\\/www.instagram.com\\\/elmilagrosj\\\/\",\"https:\\\/\\\/www.youtube.com\\\/user\\\/elmilagrosj\"]}]}<\/script>\n<!-- \/ Yoast SEO plugin. -->","yoast_head_json":{"title":"Historia &#8226; Parroquia El Milagro de San Jos\u00e9","robots":{"index":"index","follow":"follow","max-snippet":"max-snippet:-1","max-image-preview":"max-image-preview:large","max-video-preview":"max-video-preview:-1"},"canonical":"https:\/\/milagrosj.es\/wp\/historia\/","og_locale":"es_ES","og_type":"article","og_title":"Historia &#8226; Parroquia El Milagro de San Jos\u00e9","og_description":"Un poco de historia El&nbsp;Milagro&nbsp;que naci\u00f3 \u00abladrillo a ladrillo\u00bb Corre el a\u00f1o 1952 cuando el 19 de marzo el&nbsp;P. Basabe&nbsp;anunciaba a trav\u00e9s de la radio la intenci\u00f3n de levantar un nuevo edificio en el Paseo de San Antonio para el que solicitaba la colaboraci\u00f3n de todos sus vecinos: \u201cSe est\u00e1 empezando un edificio bajo la [&hellip;]","og_url":"https:\/\/milagrosj.es\/wp\/historia\/","og_site_name":"Parroquia El Milagro de San Jos\u00e9","article_publisher":"https:\/\/www.facebook.com\/parroquiamilagrosj","article_modified_time":"2022-02-15T11:05:33+00:00","twitter_card":"summary_large_image","twitter_site":"@elmilagrosj","twitter_misc":{"Tiempo de lectura":"1 minuto"},"schema":{"@context":"https:\/\/schema.org","@graph":[{"@type":"WebPage","@id":"https:\/\/milagrosj.es\/wp\/historia\/","url":"https:\/\/milagrosj.es\/wp\/historia\/","name":"Historia &#8226; Parroquia El Milagro de San Jos\u00e9","isPartOf":{"@id":"https:\/\/milagrosj.es\/wp\/#website"},"datePublished":"2022-02-10T12:02:50+00:00","dateModified":"2022-02-15T11:05:33+00:00","breadcrumb":{"@id":"https:\/\/milagrosj.es\/wp\/historia\/#breadcrumb"},"inLanguage":"es","potentialAction":[{"@type":"ReadAction","target":["https:\/\/milagrosj.es\/wp\/historia\/"]}]},{"@type":"BreadcrumbList","@id":"https:\/\/milagrosj.es\/wp\/historia\/#breadcrumb","itemListElement":[{"@type":"ListItem","position":1,"name":"Portada","item":"https:\/\/milagrosj.es\/wp\/"},{"@type":"ListItem","position":2,"name":"Historia"}]},{"@type":"WebSite","@id":"https:\/\/milagrosj.es\/wp\/#website","url":"https:\/\/milagrosj.es\/wp\/","name":"Parroquia El Milagro de San Jos\u00e9","description":"Sitio de la p\u00e1gina web de la Parroquia El Milagro de San Jos\u00e9","publisher":{"@id":"https:\/\/milagrosj.es\/wp\/#organization"},"potentialAction":[{"@type":"SearchAction","target":{"@type":"EntryPoint","urlTemplate":"https:\/\/milagrosj.es\/wp\/?s={search_term_string}"},"query-input":{"@type":"PropertyValueSpecification","valueRequired":true,"valueName":"search_term_string"}}],"inLanguage":"es"},{"@type":"Organization","@id":"https:\/\/milagrosj.es\/wp\/#organization","name":"Parroquia El Milagro de San Jos\u00e9","url":"https:\/\/milagrosj.es\/wp\/","logo":{"@type":"ImageObject","inLanguage":"es","@id":"https:\/\/milagrosj.es\/wp\/#\/schema\/logo\/image\/","url":"https:\/\/milagrosj.es\/wp\/wp-content\/uploads\/2022\/02\/logo_milagro_1.png","contentUrl":"https:\/\/milagrosj.es\/wp\/wp-content\/uploads\/2022\/02\/logo_milagro_1.png","width":426,"height":426,"caption":"Parroquia El Milagro de San Jos\u00e9"},"image":{"@id":"https:\/\/milagrosj.es\/wp\/#\/schema\/logo\/image\/"},"sameAs":["https:\/\/www.facebook.com\/parroquiamilagrosj","https:\/\/x.com\/elmilagrosj","https:\/\/www.instagram.com\/elmilagrosj\/","https:\/\/www.youtube.com\/user\/elmilagrosj"]}]}},"_links":{"self":[{"href":"https:\/\/milagrosj.es\/wp\/wp-json\/wp\/v2\/pages\/1625","targetHints":{"allow":["GET"]}}],"collection":[{"href":"https:\/\/milagrosj.es\/wp\/wp-json\/wp\/v2\/pages"}],"about":[{"href":"https:\/\/milagrosj.es\/wp\/wp-json\/wp\/v2\/types\/page"}],"author":[{"embeddable":true,"href":"https:\/\/milagrosj.es\/wp\/wp-json\/wp\/v2\/users\/1"}],"replies":[{"embeddable":true,"href":"https:\/\/milagrosj.es\/wp\/wp-json\/wp\/v2\/comments?post=1625"}],"version-history":[{"count":0,"href":"https:\/\/milagrosj.es\/wp\/wp-json\/wp\/v2\/pages\/1625\/revisions"}],"wp:attachment":[{"href":"https:\/\/milagrosj.es\/wp\/wp-json\/wp\/v2\/media?parent=1625"}],"curies":[{"name":"wp","href":"https:\/\/api.w.org\/{rel}","templated":true}]}}